{"id":85,"date":"2025-10-10T21:39:22","date_gmt":"2025-10-10T21:39:22","guid":{"rendered":"https:\/\/reynolds-technologies.com\/?page_id=85"},"modified":"2025-10-16T23:19:00","modified_gmt":"2025-10-16T23:19:00","slug":"kyocera-venta","status":"publish","type":"page","link":"https:\/\/reynolds-technologies.com\/index.php\/kyocera-venta\/","title":{"rendered":"KYOCERA VENTA"},"content":{"rendered":"\t\t<div data-elementor-type=\"wp-page\" data-elementor-id=\"85\" class=\"elementor elementor-85\">\n\t\t\t\t<div class=\"elementor-element elementor-element-c2146e8 elementor-hidden-tablet elementor-hidden-mobile e-flex e-con-boxed e-con e-parent\" data-id=\"c2146e8\" data-element_type=\"container\" data-e-type=\"container\" data-settings=\"{&quot;background_background&quot;:&quot;classic&quot;}\">\n\t\t\t\t\t<div class=\"e-con-inner\">\n\t\t<div class=\"elementor-element elementor-element-b153626 e-con-full e-flex e-con e-child\" data-id=\"b153626\" data-element_type=\"container\" data-e-type=\"container\">\n\t\t\t\t<div class=\"elementor-element elementor-element-253d03e elementor-widget elementor-widget-heading\" data-id=\"253d03e\" data-element_type=\"widget\" data-e-type=\"widget\" data-widget_type=\"heading.default\">\n\t\t\t\t\t<h2 class=\"elementor-heading-title elementor-size-default\">VENTA<\/h2>\t\t\t\t<\/div>\n\t\t\t\t<div class=\"elementor-element elementor-element-eedc721 elementor-widget-divider--view-line elementor-widget elementor-widget-divider\" data-id=\"eedc721\" data-element_type=\"widget\" data-e-type=\"widget\" data-widget_type=\"divider.default\">\n\t\t\t\t\t\t\t<div class=\"elementor-divider\">\n\t\t\t<span class=\"elementor-divider-separator\">\n\t\t\t\t\t\t<\/span>\n\t\t<\/div>\n\t\t\t\t\t\t<\/div>\n\t\t\t\t<div class=\"elementor-element elementor-element-10fe49f elementor-widget elementor-widget-image\" data-id=\"10fe49f\" data-element_type=\"widget\" data-e-type=\"widget\" data-widget_type=\"image.default\">\n\t\t\t\t\t\t\t\t\t\t\t\t\t\t\t<img decoding=\"async\" width=\"484\" height=\"103\" src=\"https:\/\/reynolds-technologies.com\/wp-content\/uploads\/2025\/10\/RENTA_HEADBANNER_KYOCERA_LOGO.png\" class=\"attachment-large size-large wp-image-122\" alt=\"\" srcset=\"https:\/\/reynolds-technologies.com\/wp-content\/uploads\/2025\/10\/RENTA_HEADBANNER_KYOCERA_LOGO.png 484w, https:\/\/reynolds-technologies.com\/wp-content\/uploads\/2025\/10\/RENTA_HEADBANNER_KYOCERA_LOGO-300x64.png 300w\" sizes=\"(max-width: 484px) 100vw, 484px\" \/>\t\t\t\t\t\t\t\t\t\t\t\t\t\t\t<\/div>\n\t\t\t\t<\/div>\n\t\t<div class=\"elementor-element elementor-element-c237496 e-con-full e-flex e-con e-child\" data-id=\"c237496\" data-element_type=\"container\" data-e-type=\"container\">\n\t\t\t\t<div class=\"elementor-element elementor-element-7c81eec elementor-widget elementor-widget-image\" data-id=\"7c81eec\" data-element_type=\"widget\" data-e-type=\"widget\" data-widget_type=\"image.default\">\n\t\t\t\t\t\t\t\t\t\t\t\t\t\t\t<img fetchpriority=\"high\" decoding=\"async\" width=\"618\" height=\"426\" src=\"https:\/\/reynolds-technologies.com\/wp-content\/uploads\/2025\/10\/VENTA_HEADBANNER_KYOCERA.png\" class=\"attachment-large size-large wp-image-180\" alt=\"\" srcset=\"https:\/\/reynolds-technologies.com\/wp-content\/uploads\/2025\/10\/VENTA_HEADBANNER_KYOCERA.png 618w, https:\/\/reynolds-technologies.com\/wp-content\/uploads\/2025\/10\/VENTA_HEADBANNER_KYOCERA-300x207.png 300w\" sizes=\"(max-width: 618px) 100vw, 618px\" \/>\t\t\t\t\t\t\t\t\t\t\t\t\t\t\t<\/div>\n\t\t\t\t<\/div>\n\t\t\t\t\t<\/div>\n\t\t\t\t<\/div>\n\t\t<div class=\"elementor-element elementor-element-ba90191 elementor-hidden-desktop e-flex e-con-boxed e-con e-parent\" data-id=\"ba90191\" data-element_type=\"container\" data-e-type=\"container\" data-settings=\"{&quot;background_background&quot;:&quot;classic&quot;}\">\n\t\t\t\t\t<div class=\"e-con-inner\">\n\t\t<div class=\"elementor-element elementor-element-2fc2aad e-con-full e-flex e-con e-child\" data-id=\"2fc2aad\" data-element_type=\"container\" data-e-type=\"container\">\n\t\t\t\t<div class=\"elementor-element elementor-element-c54b06a elementor-widget elementor-widget-heading\" data-id=\"c54b06a\" data-element_type=\"widget\" data-e-type=\"widget\" data-widget_type=\"heading.default\">\n\t\t\t\t\t<h2 class=\"elementor-heading-title elementor-size-default\">VENTA<\/h2>\t\t\t\t<\/div>\n\t\t\t\t<div class=\"elementor-element elementor-element-b3a5ceb elementor-widget-divider--view-line elementor-widget elementor-widget-divider\" data-id=\"b3a5ceb\" data-element_type=\"widget\" data-e-type=\"widget\" data-widget_type=\"divider.default\">\n\t\t\t\t\t\t\t<div class=\"elementor-divider\">\n\t\t\t<span class=\"elementor-divider-separator\">\n\t\t\t\t\t\t<\/span>\n\t\t<\/div>\n\t\t\t\t\t\t<\/div>\n\t\t\t\t<\/div>\n\t\t<div class=\"elementor-element elementor-element-89d7c40 e-con-full e-flex e-con e-child\" data-id=\"89d7c40\" data-element_type=\"container\" data-e-type=\"container\">\n\t\t\t\t<div class=\"elementor-element elementor-element-6f5385b elementor-widget elementor-widget-image\" data-id=\"6f5385b\" data-element_type=\"widget\" data-e-type=\"widget\" data-widget_type=\"image.default\">\n\t\t\t\t\t\t\t\t\t\t\t\t\t\t\t<img fetchpriority=\"high\" decoding=\"async\" width=\"618\" height=\"426\" src=\"https:\/\/reynolds-technologies.com\/wp-content\/uploads\/2025\/10\/VENTA_HEADBANNER_KYOCERA.png\" class=\"attachment-large size-large wp-image-180\" alt=\"\" srcset=\"https:\/\/reynolds-technologies.com\/wp-content\/uploads\/2025\/10\/VENTA_HEADBANNER_KYOCERA.png 618w, https:\/\/reynolds-technologies.com\/wp-content\/uploads\/2025\/10\/VENTA_HEADBANNER_KYOCERA-300x207.png 300w\" sizes=\"(max-width: 618px) 100vw, 618px\" \/>\t\t\t\t\t\t\t\t\t\t\t\t\t\t\t<\/div>\n\t\t\t\t<div class=\"elementor-element elementor-element-3bcb709 elementor-widget elementor-widget-image\" data-id=\"3bcb709\" data-element_type=\"widget\" data-e-type=\"widget\" data-widget_type=\"image.default\">\n\t\t\t\t\t\t\t\t\t\t\t\t\t\t\t<img decoding=\"async\" width=\"484\" height=\"103\" src=\"https:\/\/reynolds-technologies.com\/wp-content\/uploads\/2025\/10\/RENTA_HEADBANNER_KYOCERA_LOGO.png\" class=\"attachment-large size-large wp-image-122\" alt=\"\" srcset=\"https:\/\/reynolds-technologies.com\/wp-content\/uploads\/2025\/10\/RENTA_HEADBANNER_KYOCERA_LOGO.png 484w, https:\/\/reynolds-technologies.com\/wp-content\/uploads\/2025\/10\/RENTA_HEADBANNER_KYOCERA_LOGO-300x64.png 300w\" sizes=\"(max-width: 484px) 100vw, 484px\" \/>\t\t\t\t\t\t\t\t\t\t\t\t\t\t\t<\/div>\n\t\t\t\t<\/div>\n\t\t\t\t\t<\/div>\n\t\t\t\t<\/div>\n\t\t<div class=\"elementor-element elementor-element-a931e41 elementor-hidden-tablet elementor-hidden-mobile e-flex e-con-boxed e-con e-parent\" data-id=\"a931e41\" data-element_type=\"container\" data-e-type=\"container\" data-settings=\"{&quot;background_background&quot;:&quot;classic&quot;}\">\n\t\t\t\t\t<div class=\"e-con-inner\">\n\t\t\t\t<div class=\"elementor-element elementor-element-e7ba1b6 elementor-widget elementor-widget-heading\" data-id=\"e7ba1b6\" data-element_type=\"widget\" data-e-type=\"widget\" data-widget_type=\"heading.default\">\n\t\t\t\t\t<h2 class=\"elementor-heading-title elementor-size-default\">Actualiza tus equipos de impresi\u00f3n<\/h2>\t\t\t\t<\/div>\n\t\t\t\t<div class=\"elementor-element elementor-element-52e51d2 elementor-widget elementor-widget-heading\" data-id=\"52e51d2\" data-element_type=\"widget\" data-e-type=\"widget\" data-widget_type=\"heading.default\">\n\t\t\t\t\t<h2 class=\"elementor-heading-title elementor-size-default\">con la mejor tecnolog\u00eda del mercado<\/h2>\t\t\t\t<\/div>\n\t\t\t\t<div class=\"elementor-element elementor-element-b713218 elementor-widget-divider--view-line elementor-widget elementor-widget-divider\" data-id=\"b713218\" data-element_type=\"widget\" data-e-type=\"widget\" data-widget_type=\"divider.default\">\n\t\t\t\t\t\t\t<div class=\"elementor-divider\">\n\t\t\t<span class=\"elementor-divider-separator\">\n\t\t\t\t\t\t<\/span>\n\t\t<\/div>\n\t\t\t\t\t\t<\/div>\n\t\t\t\t<div class=\"elementor-element elementor-element-6691147 elementor-widget elementor-widget-image\" data-id=\"6691147\" data-element_type=\"widget\" data-e-type=\"widget\" data-widget_type=\"image.default\">\n\t\t\t\t\t\t\t\t\t\t\t\t\t\t\t<img decoding=\"async\" width=\"1024\" height=\"587\" src=\"https:\/\/reynolds-technologies.com\/wp-content\/uploads\/2025\/10\/VENTA_RICOH_IMG_ACTUALIZA-1024x587.png\" class=\"attachment-large size-large wp-image-140\" alt=\"\" srcset=\"https:\/\/reynolds-technologies.com\/wp-content\/uploads\/2025\/10\/VENTA_RICOH_IMG_ACTUALIZA-1024x587.png 1024w, https:\/\/reynolds-technologies.com\/wp-content\/uploads\/2025\/10\/VENTA_RICOH_IMG_ACTUALIZA-300x172.png 300w, https:\/\/reynolds-technologies.com\/wp-content\/uploads\/2025\/10\/VENTA_RICOH_IMG_ACTUALIZA-768x440.png 768w, https:\/\/reynolds-technologies.com\/wp-content\/uploads\/2025\/10\/VENTA_RICOH_IMG_ACTUALIZA.png 1200w\" sizes=\"(max-width: 1024px) 100vw, 1024px\" \/>\t\t\t\t\t\t\t\t\t\t\t\t\t\t\t<\/div>\n\t\t\t\t<div class=\"elementor-element elementor-element-756b760 elementor-widget elementor-widget-heading\" data-id=\"756b760\" data-element_type=\"widget\" data-e-type=\"widget\" data-widget_type=\"heading.default\">\n\t\t\t\t\t<h2 class=\"elementor-heading-title elementor-size-default\">Cat\u00e1logo de productos KYOCERA<\/h2>\t\t\t\t<\/div>\n\t\t\t\t<div class=\"elementor-element elementor-element-d3422f9 elementor-widget elementor-widget-heading\" data-id=\"d3422f9\" data-element_type=\"widget\" data-e-type=\"widget\" data-widget_type=\"heading.default\">\n\t\t\t\t\t<h2 class=\"elementor-heading-title elementor-size-default\">Conoce nuestros precios y capacidad de impresi\u00f3n<\/h2>\t\t\t\t<\/div>\n\t\t\t\t\t<\/div>\n\t\t\t\t<\/div>\n\t\t<div class=\"elementor-element elementor-element-e1eb3da elementor-hidden-desktop e-flex e-con-boxed e-con e-parent\" data-id=\"e1eb3da\" data-element_type=\"container\" data-e-type=\"container\" data-settings=\"{&quot;background_background&quot;:&quot;classic&quot;}\">\n\t\t\t\t\t<div class=\"e-con-inner\">\n\t\t\t\t<div class=\"elementor-element elementor-element-d5d8cc4 elementor-widget elementor-widget-heading\" data-id=\"d5d8cc4\" data-element_type=\"widget\" data-e-type=\"widget\" data-widget_type=\"heading.default\">\n\t\t\t\t\t<h2 class=\"elementor-heading-title elementor-size-default\">Actualiza tus equipos de impresi\u00f3n<\/h2>\t\t\t\t<\/div>\n\t\t\t\t<div class=\"elementor-element elementor-element-49a8aaf elementor-widget elementor-widget-heading\" data-id=\"49a8aaf\" data-element_type=\"widget\" data-e-type=\"widget\" data-widget_type=\"heading.default\">\n\t\t\t\t\t<h2 class=\"elementor-heading-title elementor-size-default\">con la mejor tecnolog\u00eda del mercado<\/h2>\t\t\t\t<\/div>\n\t\t\t\t<div class=\"elementor-element elementor-element-bce4904 elementor-widget-divider--view-line elementor-widget elementor-widget-divider\" data-id=\"bce4904\" data-element_type=\"widget\" data-e-type=\"widget\" data-widget_type=\"divider.default\">\n\t\t\t\t\t\t\t<div class=\"elementor-divider\">\n\t\t\t<span class=\"elementor-divider-separator\">\n\t\t\t\t\t\t<\/span>\n\t\t<\/div>\n\t\t\t\t\t\t<\/div>\n\t\t\t\t<div class=\"elementor-element elementor-element-7bc6e71 elementor-widget elementor-widget-image\" data-id=\"7bc6e71\" data-element_type=\"widget\" data-e-type=\"widget\" data-widget_type=\"image.default\">\n\t\t\t\t\t\t\t\t\t\t\t\t\t\t\t<img decoding=\"async\" width=\"1024\" height=\"587\" src=\"https:\/\/reynolds-technologies.com\/wp-content\/uploads\/2025\/10\/VENTA_RICOH_IMG_ACTUALIZA-1024x587.png\" class=\"attachment-large size-large wp-image-140\" alt=\"\" srcset=\"https:\/\/reynolds-technologies.com\/wp-content\/uploads\/2025\/10\/VENTA_RICOH_IMG_ACTUALIZA-1024x587.png 1024w, https:\/\/reynolds-technologies.com\/wp-content\/uploads\/2025\/10\/VENTA_RICOH_IMG_ACTUALIZA-300x172.png 300w, https:\/\/reynolds-technologies.com\/wp-content\/uploads\/2025\/10\/VENTA_RICOH_IMG_ACTUALIZA-768x440.png 768w, https:\/\/reynolds-technologies.com\/wp-content\/uploads\/2025\/10\/VENTA_RICOH_IMG_ACTUALIZA.png 1200w\" sizes=\"(max-width: 1024px) 100vw, 1024px\" \/>\t\t\t\t\t\t\t\t\t\t\t\t\t\t\t<\/div>\n\t\t\t\t<div class=\"elementor-element elementor-element-5f2d233 elementor-widget elementor-widget-heading\" data-id=\"5f2d233\" data-element_type=\"widget\" data-e-type=\"widget\" data-widget_type=\"heading.default\">\n\t\t\t\t\t<h2 class=\"elementor-heading-title elementor-size-default\">Cat\u00e1logo de productos KYOCERA<\/h2>\t\t\t\t<\/div>\n\t\t\t\t<div class=\"elementor-element elementor-element-b3f3712 elementor-widget elementor-widget-heading\" data-id=\"b3f3712\" data-element_type=\"widget\" data-e-type=\"widget\" data-widget_type=\"heading.default\">\n\t\t\t\t\t<h2 class=\"elementor-heading-title elementor-size-default\">Conoce nuestros precios y capacidad de impresi\u00f3n<\/h2>\t\t\t\t<\/div>\n\t\t\t\t\t<\/div>\n\t\t\t\t<\/div>\n\t\t<div class=\"elementor-element elementor-element-5bbc627 elementor-hidden-tablet elementor-hidden-mobile e-flex e-con-boxed e-con e-parent\" data-id=\"5bbc627\" data-element_type=\"container\" data-e-type=\"container\" data-settings=\"{&quot;background_background&quot;:&quot;classic&quot;}\">\n\t\t\t\t\t<div class=\"e-con-inner\">\n\t\t\t\t<div class=\"elementor-element elementor-element-51f93a8 elementor-widget elementor-widget-image\" data-id=\"51f93a8\" data-element_type=\"widget\" data-e-type=\"widget\" data-widget_type=\"image.default\">\n\t\t\t\t\t\t\t\t\t\t\t\t\t\t\t<img loading=\"lazy\" decoding=\"async\" width=\"1024\" height=\"479\" src=\"https:\/\/reynolds-technologies.com\/wp-content\/uploads\/2025\/10\/VENTA_RICOH_IMG_CATALOGO-1024x479.png\" class=\"attachment-large size-large wp-image-144\" alt=\"\" srcset=\"https:\/\/reynolds-technologies.com\/wp-content\/uploads\/2025\/10\/VENTA_RICOH_IMG_CATALOGO-1024x479.png 1024w, https:\/\/reynolds-technologies.com\/wp-content\/uploads\/2025\/10\/VENTA_RICOH_IMG_CATALOGO-300x140.png 300w, https:\/\/reynolds-technologies.com\/wp-content\/uploads\/2025\/10\/VENTA_RICOH_IMG_CATALOGO-768x359.png 768w, https:\/\/reynolds-technologies.com\/wp-content\/uploads\/2025\/10\/VENTA_RICOH_IMG_CATALOGO.png 1049w\" sizes=\"(max-width: 1024px) 100vw, 1024px\" \/>\t\t\t\t\t\t\t\t\t\t\t\t\t\t\t<\/div>\n\t\t\t\t\t<\/div>\n\t\t\t\t<\/div>\n\t\t<div class=\"elementor-element elementor-element-e3cefcb elementor-hidden-desktop e-flex e-con-boxed e-con e-parent\" data-id=\"e3cefcb\" data-element_type=\"container\" data-e-type=\"container\" data-settings=\"{&quot;background_background&quot;:&quot;classic&quot;}\">\n\t\t\t\t\t<div class=\"e-con-inner\">\n\t\t\t\t<div class=\"elementor-element elementor-element-d60a02a elementor-widget elementor-widget-image\" data-id=\"d60a02a\" data-element_type=\"widget\" data-e-type=\"widget\" data-widget_type=\"image.default\">\n\t\t\t\t\t\t\t\t\t\t\t\t\t\t\t<img loading=\"lazy\" decoding=\"async\" width=\"1049\" height=\"491\" src=\"https:\/\/reynolds-technologies.com\/wp-content\/uploads\/2025\/10\/VENTA_RICOH_IMG_CATALOGO.png\" class=\"attachment-2048x2048 size-2048x2048 wp-image-144\" alt=\"\" srcset=\"https:\/\/reynolds-technologies.com\/wp-content\/uploads\/2025\/10\/VENTA_RICOH_IMG_CATALOGO.png 1049w, https:\/\/reynolds-technologies.com\/wp-content\/uploads\/2025\/10\/VENTA_RICOH_IMG_CATALOGO-300x140.png 300w, https:\/\/reynolds-technologies.com\/wp-content\/uploads\/2025\/10\/VENTA_RICOH_IMG_CATALOGO-1024x479.png 1024w, https:\/\/reynolds-technologies.com\/wp-content\/uploads\/2025\/10\/VENTA_RICOH_IMG_CATALOGO-768x359.png 768w\" sizes=\"(max-width: 1049px) 100vw, 1049px\" \/>\t\t\t\t\t\t\t\t\t\t\t\t\t\t\t<\/div>\n\t\t\t\t\t<\/div>\n\t\t\t\t<\/div>\n\t\t<div class=\"elementor-element elementor-element-4fe2135 elementor-hidden-tablet elementor-hidden-mobile e-flex e-con-boxed e-con e-parent\" data-id=\"4fe2135\" data-element_type=\"container\" data-e-type=\"container\">\n\t\t\t\t\t<div class=\"e-con-inner\">\n\t\t\t\t<div class=\"elementor-element elementor-element-f1f9e78 elementor-widget elementor-widget-heading\" data-id=\"f1f9e78\" data-element_type=\"widget\" data-e-type=\"widget\" data-widget_type=\"heading.default\">\n\t\t\t\t\t<h2 class=\"elementor-heading-title elementor-size-default\">Cat\u00e1logo de productos de KYOCERA<\/h2>\t\t\t\t<\/div>\n\t\t\t\t\t<\/div>\n\t\t\t\t<\/div>\n\t\t<div class=\"elementor-element elementor-element-05386f5 elementor-hidden-desktop e-flex e-con-boxed e-con e-parent\" data-id=\"05386f5\" data-element_type=\"container\" data-e-type=\"container\">\n\t\t\t\t\t<div class=\"e-con-inner\">\n\t\t\t\t<div class=\"elementor-element elementor-element-cb54276 elementor-widget elementor-widget-heading\" data-id=\"cb54276\" data-element_type=\"widget\" data-e-type=\"widget\" data-widget_type=\"heading.default\">\n\t\t\t\t\t<h2 class=\"elementor-heading-title elementor-size-default\">Cat\u00e1logo de productos de KYOCERA<\/h2>\t\t\t\t<\/div>\n\t\t\t\t\t<\/div>\n\t\t\t\t<\/div>\n\t\t<div class=\"elementor-element elementor-element-fde342d e-flex e-con-boxed e-con e-parent\" data-id=\"fde342d\" data-element_type=\"container\" data-e-type=\"container\" data-settings=\"{&quot;background_background&quot;:&quot;classic&quot;}\">\n\t\t\t\t\t<div class=\"e-con-inner\">\n\t\t\t\t<div class=\"elementor-element elementor-element-9e806a5 elementor-align-center elementor-widget elementor-widget-button\" data-id=\"9e806a5\" data-element_type=\"widget\" data-e-type=\"widget\" data-widget_type=\"button.default\">\n\t\t\t\t\t\t\t\t\t\t<a class=\"elementor-button elementor-button-link elementor-size-sm\" href=\"https:\/\/reynolds-technologies.com\/index.php\/contacto\/\">\n\t\t\t\t\t\t<span class=\"elementor-button-content-wrapper\">\n\t\t\t\t\t\t\t\t\t<span class=\"elementor-button-text\">Solicita una cotizaci\u00f3n<\/span>\n\t\t\t\t\t<\/span>\n\t\t\t\t\t<\/a>\n\t\t\t\t\t\t\t\t<\/div>\n\t\t\t\t\t<\/div>\n\t\t\t\t<\/div>\n\t\t\t\t<\/div>\n\t\t","protected":false},"excerpt":{"rendered":"<p>VENTA VENTA Actualiza tus equipos de impresi\u00f3n con la mejor tecnolog\u00eda del mercado Cat\u00e1logo de productos KYOCERA Conoce nuestros precios [&hellip;]<\/p>\n","protected":false},"author":1,"featured_media":0,"parent":0,"menu_order":0,"comment_status":"closed","ping_status":"closed","template":"","meta":{"site-sidebar-layout":"no-sidebar","site-content-layout":"","ast-site-content-layout":"full-width-container","site-content-style":"default","site-sidebar-style":"default","ast-global-header-display":"","ast-banner-title-visibility":"","ast-main-header-display":"","ast-hfb-above-header-display":"","ast-hfb-below-header-display":"","ast-hfb-mobile-header-display":"","site-post-title":"disabled","ast-breadcrumbs-content":"","ast-featured-img":"disabled","footer-sml-layout":"","theme-transparent-header-meta":"disabled","adv-header-id-meta":"","stick-header-meta":"","header-above-stick-meta":"","header-main-stick-meta":"","header-below-stick-meta":"","astra-migrate-meta-layouts":"default","ast-page-background-enabled":"default","ast-page-background-meta":{"desktop":{"background-color":"var(--ast-global-color-5)","background-image":"","background-repeat":"repeat","background-position":"center center","background-size":"auto","background-attachment":"scroll","background-type":"","background-media":"","overlay-type":"","overlay-color":"","overlay-opacity":"","overlay-gradient":""},"tablet":{"background-color":"","background-image":"","background-repeat":"repeat","background-position":"center center","background-size":"auto","background-attachment":"scroll","background-type":"","background-media":"","overlay-type":"","overlay-color":"","overlay-opacity":"","overlay-gradient":""},"mobile":{"background-color":"","background-image":"","background-repeat":"repeat","background-position":"center center","background-size":"auto","background-attachment":"scroll","background-type":"","background-media":"","overlay-type":"","overlay-color":"","overlay-opacity":"","overlay-gradient":""}},"ast-content-background-meta":{"desktop":{"background-color":"var(--ast-global-color-4)","background-image":"","background-repeat":"repeat","background-position":"center center","background-size":"auto","background-attachment":"scroll","background-type":"","background-media":"","overlay-type":"","overlay-color":"","overlay-opacity":"","overlay-gradient":""},"tablet":{"background-color":"var(--ast-global-color-4)","background-image":"","background-repeat":"repeat","background-position":"center center","background-size":"auto","background-attachment":"scroll","background-type":"","background-media":"","overlay-type":"","overlay-color":"","overlay-opacity":"","overlay-gradient":""},"mobile":{"background-color":"var(--ast-global-color-4)","background-image":"","background-repeat":"repeat","background-position":"center center","background-size":"auto","background-attachment":"scroll","background-type":"","background-media":"","overlay-type":"","overlay-color":"","overlay-opacity":"","overlay-gradient":""}},"_joinchat":[],"footnotes":""},"class_list":["post-85","page","type-page","status-publish","hentry"],"_links":{"self":[{"href":"https:\/\/reynolds-technologies.com\/index.php\/wp-json\/wp\/v2\/pages\/85","targetHints":{"allow":["GET"]}}],"collection":[{"href":"https:\/\/reynolds-technologies.com\/index.php\/wp-json\/wp\/v2\/pages"}],"about":[{"href":"https:\/\/reynolds-technologies.com\/index.php\/wp-json\/wp\/v2\/types\/page"}],"author":[{"embeddable":true,"href":"https:\/\/reynolds-technologies.com\/index.php\/wp-json\/wp\/v2\/users\/1"}],"replies":[{"embeddable":true,"href":"https:\/\/reynolds-technologies.com\/index.php\/wp-json\/wp\/v2\/comments?post=85"}],"version-history":[{"count":29,"href":"https:\/\/reynolds-technologies.com\/index.php\/wp-json\/wp\/v2\/pages\/85\/revisions"}],"predecessor-version":[{"id":374,"href":"https:\/\/reynolds-technologies.com\/index.php\/wp-json\/wp\/v2\/pages\/85\/revisions\/374"}],"wp:attachment":[{"href":"https:\/\/reynolds-technologies.com\/index.php\/wp-json\/wp\/v2\/media?parent=85"}],"curies":[{"name":"wp","href":"https:\/\/api.w.org\/{rel}","templated":true}]}}