{"id":83,"date":"2025-10-10T21:39:22","date_gmt":"2025-10-10T21:39:22","guid":{"rendered":"https:\/\/reynolds-technologies.com\/?page_id=83"},"modified":"2025-10-16T23:17:15","modified_gmt":"2025-10-16T23:17:15","slug":"ricoh-venta","status":"publish","type":"page","link":"https:\/\/reynolds-technologies.com\/index.php\/ricoh-venta\/","title":{"rendered":"RICOH VENTA"},"content":{"rendered":"\t\t<div data-elementor-type=\"wp-page\" data-elementor-id=\"83\" class=\"elementor elementor-83\">\n\t\t\t\t<div class=\"elementor-element elementor-element-904c7c9 elementor-hidden-tablet elementor-hidden-mobile e-flex e-con-boxed e-con e-parent\" data-id=\"904c7c9\" data-element_type=\"container\" data-e-type=\"container\" data-settings=\"{&quot;background_background&quot;:&quot;classic&quot;}\">\n\t\t\t\t\t<div class=\"e-con-inner\">\n\t\t<div class=\"elementor-element elementor-element-f7a9cb0 e-con-full e-flex e-con e-child\" data-id=\"f7a9cb0\" data-element_type=\"container\" data-e-type=\"container\">\n\t\t\t\t<div class=\"elementor-element elementor-element-774ecc2 elementor-widget elementor-widget-heading\" data-id=\"774ecc2\" data-element_type=\"widget\" data-e-type=\"widget\" data-widget_type=\"heading.default\">\n\t\t\t\t\t<h2 class=\"elementor-heading-title elementor-size-default\">VENTA<\/h2>\t\t\t\t<\/div>\n\t\t\t\t<div class=\"elementor-element elementor-element-64b7f3c elementor-widget-divider--view-line elementor-widget elementor-widget-divider\" data-id=\"64b7f3c\" data-element_type=\"widget\" data-e-type=\"widget\" data-widget_type=\"divider.default\">\n\t\t\t\t\t\t\t<div class=\"elementor-divider\">\n\t\t\t<span class=\"elementor-divider-separator\">\n\t\t\t\t\t\t<\/span>\n\t\t<\/div>\n\t\t\t\t\t\t<\/div>\n\t\t\t\t<div class=\"elementor-element elementor-element-da8eb79 elementor-widget elementor-widget-image\" data-id=\"da8eb79\" data-element_type=\"widget\" data-e-type=\"widget\" data-widget_type=\"image.default\">\n\t\t\t\t\t\t\t\t\t\t\t\t\t\t\t<img decoding=\"async\" width=\"360\" height=\"65\" src=\"https:\/\/reynolds-technologies.com\/wp-content\/uploads\/2025\/10\/RENTA_HEADBANNER_RICOH_LOGO.png\" class=\"attachment-large size-large wp-image-65\" alt=\"\" srcset=\"https:\/\/reynolds-technologies.com\/wp-content\/uploads\/2025\/10\/RENTA_HEADBANNER_RICOH_LOGO.png 360w, https:\/\/reynolds-technologies.com\/wp-content\/uploads\/2025\/10\/RENTA_HEADBANNER_RICOH_LOGO-300x54.png 300w\" sizes=\"(max-width: 360px) 100vw, 360px\" \/>\t\t\t\t\t\t\t\t\t\t\t\t\t\t\t<\/div>\n\t\t\t\t<\/div>\n\t\t<div class=\"elementor-element elementor-element-f823e48 e-con-full e-flex e-con e-child\" data-id=\"f823e48\" data-element_type=\"container\" data-e-type=\"container\">\n\t\t\t\t<div class=\"elementor-element elementor-element-fd3bfbf elementor-widget elementor-widget-image\" data-id=\"fd3bfbf\" data-element_type=\"widget\" data-e-type=\"widget\" data-widget_type=\"image.default\">\n\t\t\t\t\t\t\t\t\t\t\t\t\t\t\t<img fetchpriority=\"high\" decoding=\"async\" width=\"664\" height=\"436\" src=\"https:\/\/reynolds-technologies.com\/wp-content\/uploads\/2025\/10\/VENTA_HEADBANNER_RICOH.png\" class=\"attachment-large size-large wp-image-190\" alt=\"\" srcset=\"https:\/\/reynolds-technologies.com\/wp-content\/uploads\/2025\/10\/VENTA_HEADBANNER_RICOH.png 664w, https:\/\/reynolds-technologies.com\/wp-content\/uploads\/2025\/10\/VENTA_HEADBANNER_RICOH-300x197.png 300w\" sizes=\"(max-width: 664px) 100vw, 664px\" \/>\t\t\t\t\t\t\t\t\t\t\t\t\t\t\t<\/div>\n\t\t\t\t<\/div>\n\t\t\t\t\t<\/div>\n\t\t\t\t<\/div>\n\t\t<div class=\"elementor-element elementor-element-de68960 elementor-hidden-desktop e-flex e-con-boxed e-con e-parent\" data-id=\"de68960\" data-element_type=\"container\" data-e-type=\"container\" data-settings=\"{&quot;background_background&quot;:&quot;classic&quot;}\">\n\t\t\t\t\t<div class=\"e-con-inner\">\n\t\t<div class=\"elementor-element elementor-element-278b663 e-con-full e-flex e-con e-child\" data-id=\"278b663\" data-element_type=\"container\" data-e-type=\"container\">\n\t\t\t\t<div class=\"elementor-element elementor-element-133ba5d elementor-widget elementor-widget-heading\" data-id=\"133ba5d\" data-element_type=\"widget\" data-e-type=\"widget\" data-widget_type=\"heading.default\">\n\t\t\t\t\t<h2 class=\"elementor-heading-title elementor-size-default\">VENTA<\/h2>\t\t\t\t<\/div>\n\t\t\t\t<div class=\"elementor-element elementor-element-f840ef9 elementor-widget-divider--view-line elementor-widget elementor-widget-divider\" data-id=\"f840ef9\" data-element_type=\"widget\" data-e-type=\"widget\" data-widget_type=\"divider.default\">\n\t\t\t\t\t\t\t<div class=\"elementor-divider\">\n\t\t\t<span class=\"elementor-divider-separator\">\n\t\t\t\t\t\t<\/span>\n\t\t<\/div>\n\t\t\t\t\t\t<\/div>\n\t\t\t\t<div class=\"elementor-element elementor-element-faa22c6 elementor-widget elementor-widget-image\" data-id=\"faa22c6\" data-element_type=\"widget\" data-e-type=\"widget\" data-widget_type=\"image.default\">\n\t\t\t\t\t\t\t\t\t\t\t\t\t\t\t<img fetchpriority=\"high\" decoding=\"async\" width=\"664\" height=\"436\" src=\"https:\/\/reynolds-technologies.com\/wp-content\/uploads\/2025\/10\/VENTA_HEADBANNER_RICOH.png\" class=\"attachment-large size-large wp-image-190\" alt=\"\" srcset=\"https:\/\/reynolds-technologies.com\/wp-content\/uploads\/2025\/10\/VENTA_HEADBANNER_RICOH.png 664w, https:\/\/reynolds-technologies.com\/wp-content\/uploads\/2025\/10\/VENTA_HEADBANNER_RICOH-300x197.png 300w\" sizes=\"(max-width: 664px) 100vw, 664px\" \/>\t\t\t\t\t\t\t\t\t\t\t\t\t\t\t<\/div>\n\t\t\t\t<div class=\"elementor-element elementor-element-91280ef elementor-widget elementor-widget-image\" data-id=\"91280ef\" data-element_type=\"widget\" data-e-type=\"widget\" data-widget_type=\"image.default\">\n\t\t\t\t\t\t\t\t\t\t\t\t\t\t\t<img decoding=\"async\" width=\"360\" height=\"65\" src=\"https:\/\/reynolds-technologies.com\/wp-content\/uploads\/2025\/10\/RENTA_HEADBANNER_RICOH_LOGO.png\" class=\"attachment-large size-large wp-image-65\" alt=\"\" srcset=\"https:\/\/reynolds-technologies.com\/wp-content\/uploads\/2025\/10\/RENTA_HEADBANNER_RICOH_LOGO.png 360w, https:\/\/reynolds-technologies.com\/wp-content\/uploads\/2025\/10\/RENTA_HEADBANNER_RICOH_LOGO-300x54.png 300w\" sizes=\"(max-width: 360px) 100vw, 360px\" \/>\t\t\t\t\t\t\t\t\t\t\t\t\t\t\t<\/div>\n\t\t\t\t<\/div>\n\t\t\t\t\t<\/div>\n\t\t\t\t<\/div>\n\t\t<div class=\"elementor-element elementor-element-a36aa3e elementor-hidden-tablet elementor-hidden-mobile e-flex e-con-boxed e-con e-parent\" data-id=\"a36aa3e\" data-element_type=\"container\" data-e-type=\"container\" data-settings=\"{&quot;background_background&quot;:&quot;classic&quot;}\">\n\t\t\t\t\t<div class=\"e-con-inner\">\n\t\t\t\t<div class=\"elementor-element elementor-element-0060501 elementor-widget elementor-widget-heading\" data-id=\"0060501\" data-element_type=\"widget\" data-e-type=\"widget\" data-widget_type=\"heading.default\">\n\t\t\t\t\t<h2 class=\"elementor-heading-title elementor-size-default\">Actualiza tus equipos de impresi\u00f3n<\/h2>\t\t\t\t<\/div>\n\t\t\t\t<div class=\"elementor-element elementor-element-b9252c3 elementor-widget elementor-widget-heading\" data-id=\"b9252c3\" data-element_type=\"widget\" data-e-type=\"widget\" data-widget_type=\"heading.default\">\n\t\t\t\t\t<h2 class=\"elementor-heading-title elementor-size-default\">con la mejor tecnolog\u00eda del mercado<\/h2>\t\t\t\t<\/div>\n\t\t\t\t<div class=\"elementor-element elementor-element-63d6cbb elementor-widget-divider--view-line elementor-widget elementor-widget-divider\" data-id=\"63d6cbb\" data-element_type=\"widget\" data-e-type=\"widget\" data-widget_type=\"divider.default\">\n\t\t\t\t\t\t\t<div class=\"elementor-divider\">\n\t\t\t<span class=\"elementor-divider-separator\">\n\t\t\t\t\t\t<\/span>\n\t\t<\/div>\n\t\t\t\t\t\t<\/div>\n\t\t\t\t<div class=\"elementor-element elementor-element-b3dbced elementor-widget elementor-widget-image\" data-id=\"b3dbced\" data-element_type=\"widget\" data-e-type=\"widget\" data-widget_type=\"image.default\">\n\t\t\t\t\t\t\t\t\t\t\t\t\t\t\t<img decoding=\"async\" width=\"1024\" height=\"587\" src=\"https:\/\/reynolds-technologies.com\/wp-content\/uploads\/2025\/10\/VENTA_RICOH_IMG_ACTUALIZA-1024x587.png\" class=\"attachment-large size-large wp-image-140\" alt=\"\" srcset=\"https:\/\/reynolds-technologies.com\/wp-content\/uploads\/2025\/10\/VENTA_RICOH_IMG_ACTUALIZA-1024x587.png 1024w, https:\/\/reynolds-technologies.com\/wp-content\/uploads\/2025\/10\/VENTA_RICOH_IMG_ACTUALIZA-300x172.png 300w, https:\/\/reynolds-technologies.com\/wp-content\/uploads\/2025\/10\/VENTA_RICOH_IMG_ACTUALIZA-768x440.png 768w, https:\/\/reynolds-technologies.com\/wp-content\/uploads\/2025\/10\/VENTA_RICOH_IMG_ACTUALIZA.png 1200w\" sizes=\"(max-width: 1024px) 100vw, 1024px\" \/>\t\t\t\t\t\t\t\t\t\t\t\t\t\t\t<\/div>\n\t\t\t\t<div class=\"elementor-element elementor-element-afc968f elementor-widget elementor-widget-heading\" data-id=\"afc968f\" data-element_type=\"widget\" data-e-type=\"widget\" data-widget_type=\"heading.default\">\n\t\t\t\t\t<h2 class=\"elementor-heading-title elementor-size-default\">Cat\u00e1logo de productos Ricoh<\/h2>\t\t\t\t<\/div>\n\t\t\t\t<div class=\"elementor-element elementor-element-bbdd474 elementor-widget elementor-widget-heading\" data-id=\"bbdd474\" data-element_type=\"widget\" data-e-type=\"widget\" data-widget_type=\"heading.default\">\n\t\t\t\t\t<h2 class=\"elementor-heading-title elementor-size-default\">Conoce nuestros precios y capacidad de impresi\u00f3n<\/h2>\t\t\t\t<\/div>\n\t\t\t\t\t<\/div>\n\t\t\t\t<\/div>\n\t\t<div class=\"elementor-element elementor-element-0aeaacc elementor-hidden-desktop e-flex e-con-boxed e-con e-parent\" data-id=\"0aeaacc\" data-element_type=\"container\" data-e-type=\"container\" data-settings=\"{&quot;background_background&quot;:&quot;classic&quot;}\">\n\t\t\t\t\t<div class=\"e-con-inner\">\n\t\t\t\t<div class=\"elementor-element elementor-element-29eba5f elementor-widget elementor-widget-heading\" data-id=\"29eba5f\" data-element_type=\"widget\" data-e-type=\"widget\" data-widget_type=\"heading.default\">\n\t\t\t\t\t<h2 class=\"elementor-heading-title elementor-size-default\">Actualiza tus equipos de impresi\u00f3n<\/h2>\t\t\t\t<\/div>\n\t\t\t\t<div class=\"elementor-element elementor-element-c7c2c7c elementor-widget elementor-widget-heading\" data-id=\"c7c2c7c\" data-element_type=\"widget\" data-e-type=\"widget\" data-widget_type=\"heading.default\">\n\t\t\t\t\t<h2 class=\"elementor-heading-title elementor-size-default\">con la mejor tecnolog\u00eda del mercado<\/h2>\t\t\t\t<\/div>\n\t\t\t\t<div class=\"elementor-element elementor-element-6124e91 elementor-widget-divider--view-line elementor-widget elementor-widget-divider\" data-id=\"6124e91\" data-element_type=\"widget\" data-e-type=\"widget\" data-widget_type=\"divider.default\">\n\t\t\t\t\t\t\t<div class=\"elementor-divider\">\n\t\t\t<span class=\"elementor-divider-separator\">\n\t\t\t\t\t\t<\/span>\n\t\t<\/div>\n\t\t\t\t\t\t<\/div>\n\t\t\t\t<div class=\"elementor-element elementor-element-cc7e6cd elementor-widget elementor-widget-image\" data-id=\"cc7e6cd\" data-element_type=\"widget\" data-e-type=\"widget\" data-widget_type=\"image.default\">\n\t\t\t\t\t\t\t\t\t\t\t\t\t\t\t<img decoding=\"async\" width=\"1024\" height=\"587\" src=\"https:\/\/reynolds-technologies.com\/wp-content\/uploads\/2025\/10\/VENTA_RICOH_IMG_ACTUALIZA-1024x587.png\" class=\"attachment-large size-large wp-image-140\" alt=\"\" srcset=\"https:\/\/reynolds-technologies.com\/wp-content\/uploads\/2025\/10\/VENTA_RICOH_IMG_ACTUALIZA-1024x587.png 1024w, https:\/\/reynolds-technologies.com\/wp-content\/uploads\/2025\/10\/VENTA_RICOH_IMG_ACTUALIZA-300x172.png 300w, https:\/\/reynolds-technologies.com\/wp-content\/uploads\/2025\/10\/VENTA_RICOH_IMG_ACTUALIZA-768x440.png 768w, https:\/\/reynolds-technologies.com\/wp-content\/uploads\/2025\/10\/VENTA_RICOH_IMG_ACTUALIZA.png 1200w\" sizes=\"(max-width: 1024px) 100vw, 1024px\" \/>\t\t\t\t\t\t\t\t\t\t\t\t\t\t\t<\/div>\n\t\t\t\t<div class=\"elementor-element elementor-element-d6e6e6f elementor-widget elementor-widget-heading\" data-id=\"d6e6e6f\" data-element_type=\"widget\" data-e-type=\"widget\" data-widget_type=\"heading.default\">\n\t\t\t\t\t<h2 class=\"elementor-heading-title elementor-size-default\">Cat\u00e1logo de productos Ricoh<\/h2>\t\t\t\t<\/div>\n\t\t\t\t<div class=\"elementor-element elementor-element-cb82a9a elementor-widget elementor-widget-heading\" data-id=\"cb82a9a\" data-element_type=\"widget\" data-e-type=\"widget\" data-widget_type=\"heading.default\">\n\t\t\t\t\t<h2 class=\"elementor-heading-title elementor-size-default\">Conoce nuestros precios y capacidad de impresi\u00f3n<\/h2>\t\t\t\t<\/div>\n\t\t\t\t\t<\/div>\n\t\t\t\t<\/div>\n\t\t<div class=\"elementor-element elementor-element-84a9c8e elementor-hidden-tablet elementor-hidden-mobile e-flex e-con-boxed e-con e-parent\" data-id=\"84a9c8e\" data-element_type=\"container\" data-e-type=\"container\" data-settings=\"{&quot;background_background&quot;:&quot;classic&quot;}\">\n\t\t\t\t\t<div class=\"e-con-inner\">\n\t\t\t\t<div class=\"elementor-element elementor-element-f0c3707 elementor-widget elementor-widget-image\" data-id=\"f0c3707\" data-element_type=\"widget\" data-e-type=\"widget\" data-widget_type=\"image.default\">\n\t\t\t\t\t\t\t\t\t\t\t\t\t\t\t<img loading=\"lazy\" decoding=\"async\" width=\"1024\" height=\"479\" src=\"https:\/\/reynolds-technologies.com\/wp-content\/uploads\/2025\/10\/VENTA_RICOH_IMG_CATALOGO-1024x479.png\" class=\"attachment-large size-large wp-image-144\" alt=\"\" srcset=\"https:\/\/reynolds-technologies.com\/wp-content\/uploads\/2025\/10\/VENTA_RICOH_IMG_CATALOGO-1024x479.png 1024w, https:\/\/reynolds-technologies.com\/wp-content\/uploads\/2025\/10\/VENTA_RICOH_IMG_CATALOGO-300x140.png 300w, https:\/\/reynolds-technologies.com\/wp-content\/uploads\/2025\/10\/VENTA_RICOH_IMG_CATALOGO-768x359.png 768w, https:\/\/reynolds-technologies.com\/wp-content\/uploads\/2025\/10\/VENTA_RICOH_IMG_CATALOGO.png 1049w\" sizes=\"(max-width: 1024px) 100vw, 1024px\" \/>\t\t\t\t\t\t\t\t\t\t\t\t\t\t\t<\/div>\n\t\t\t\t<div class=\"elementor-element elementor-element-b35ca77 elementor-widget elementor-widget-heading\" data-id=\"b35ca77\" data-element_type=\"widget\" data-e-type=\"widget\" data-widget_type=\"heading.default\">\n\t\t\t\t\t<h2 class=\"elementor-heading-title elementor-size-default\">Cat\u00e1logo de productos de Ricoh<\/h2>\t\t\t\t<\/div>\n\t\t\t\t\t<\/div>\n\t\t\t\t<\/div>\n\t\t<div class=\"elementor-element elementor-element-d51c3e0 elementor-hidden-desktop e-flex e-con-boxed e-con e-parent\" data-id=\"d51c3e0\" data-element_type=\"container\" data-e-type=\"container\" data-settings=\"{&quot;background_background&quot;:&quot;classic&quot;}\">\n\t\t\t\t\t<div class=\"e-con-inner\">\n\t\t\t\t<div class=\"elementor-element elementor-element-9cfe4fd elementor-widget elementor-widget-image\" data-id=\"9cfe4fd\" data-element_type=\"widget\" data-e-type=\"widget\" data-widget_type=\"image.default\">\n\t\t\t\t\t\t\t\t\t\t\t\t\t\t\t<img loading=\"lazy\" decoding=\"async\" width=\"1024\" height=\"479\" src=\"https:\/\/reynolds-technologies.com\/wp-content\/uploads\/2025\/10\/VENTA_RICOH_IMG_CATALOGO-1024x479.png\" class=\"attachment-large size-large wp-image-144\" alt=\"\" srcset=\"https:\/\/reynolds-technologies.com\/wp-content\/uploads\/2025\/10\/VENTA_RICOH_IMG_CATALOGO-1024x479.png 1024w, https:\/\/reynolds-technologies.com\/wp-content\/uploads\/2025\/10\/VENTA_RICOH_IMG_CATALOGO-300x140.png 300w, https:\/\/reynolds-technologies.com\/wp-content\/uploads\/2025\/10\/VENTA_RICOH_IMG_CATALOGO-768x359.png 768w, https:\/\/reynolds-technologies.com\/wp-content\/uploads\/2025\/10\/VENTA_RICOH_IMG_CATALOGO.png 1049w\" sizes=\"(max-width: 1024px) 100vw, 1024px\" \/>\t\t\t\t\t\t\t\t\t\t\t\t\t\t\t<\/div>\n\t\t\t\t<div class=\"elementor-element elementor-element-237cced elementor-widget elementor-widget-heading\" data-id=\"237cced\" data-element_type=\"widget\" data-e-type=\"widget\" data-widget_type=\"heading.default\">\n\t\t\t\t\t<h2 class=\"elementor-heading-title elementor-size-default\">Cat\u00e1logo de productos de Ricoh<\/h2>\t\t\t\t<\/div>\n\t\t\t\t\t<\/div>\n\t\t\t\t<\/div>\n\t\t<div class=\"elementor-element elementor-element-8592adf e-flex e-con-boxed e-con e-parent\" data-id=\"8592adf\" data-element_type=\"container\" data-e-type=\"container\">\n\t\t\t\t\t<div class=\"e-con-inner\">\n\t\t\t\t<div class=\"elementor-element elementor-element-7d4a603 elementor-align-center elementor-widget elementor-widget-button\" data-id=\"7d4a603\" data-element_type=\"widget\" data-e-type=\"widget\" data-widget_type=\"button.default\">\n\t\t\t\t\t\t\t\t\t\t<a class=\"elementor-button elementor-button-link elementor-size-sm\" href=\"https:\/\/reynolds-technologies.com\/index.php\/contacto\/\">\n\t\t\t\t\t\t<span class=\"elementor-button-content-wrapper\">\n\t\t\t\t\t\t\t\t\t<span class=\"elementor-button-text\">Solicita una cotizaci\u00f3n<\/span>\n\t\t\t\t\t<\/span>\n\t\t\t\t\t<\/a>\n\t\t\t\t\t\t\t\t<\/div>\n\t\t\t\t\t<\/div>\n\t\t\t\t<\/div>\n\t\t\t\t<\/div>\n\t\t","protected":false},"excerpt":{"rendered":"<p>VENTA VENTA Actualiza tus equipos de impresi\u00f3n con la mejor tecnolog\u00eda del mercado Cat\u00e1logo de productos Ricoh Conoce nuestros precios [&hellip;]<\/p>\n","protected":false},"author":1,"featured_media":0,"parent":0,"menu_order":0,"comment_status":"closed","ping_status":"closed","template":"","meta":{"site-sidebar-layout":"no-sidebar","site-content-layout":"","ast-site-content-layout":"full-width-container","site-content-style":"default","site-sidebar-style":"default","ast-global-header-display":"","ast-banner-title-visibility":"","ast-main-header-display":"","ast-hfb-above-header-display":"","ast-hfb-below-header-display":"","ast-hfb-mobile-header-display":"","site-post-title":"disabled","ast-breadcrumbs-content":"","ast-featured-img":"disabled","footer-sml-layout":"","theme-transparent-header-meta":"disabled","adv-header-id-meta":"","stick-header-meta":"","header-above-stick-meta":"","header-main-stick-meta":"","header-below-stick-meta":"","astra-migrate-meta-layouts":"default","ast-page-background-enabled":"default","ast-page-background-meta":{"desktop":{"background-color":"var(--ast-global-color-5)","background-image":"","background-repeat":"repeat","background-position":"center center","background-size":"auto","background-attachment":"scroll","background-type":"","background-media":"","overlay-type":"","overlay-color":"","overlay-opacity":"","overlay-gradient":""},"tablet":{"background-color":"","background-image":"","background-repeat":"repeat","background-position":"center center","background-size":"auto","background-attachment":"scroll","background-type":"","background-media":"","overlay-type":"","overlay-color":"","overlay-opacity":"","overlay-gradient":""},"mobile":{"background-color":"","background-image":"","background-repeat":"repeat","background-position":"center center","background-size":"auto","background-attachment":"scroll","background-type":"","background-media":"","overlay-type":"","overlay-color":"","overlay-opacity":"","overlay-gradient":""}},"ast-content-background-meta":{"desktop":{"background-color":"var(--ast-global-color-4)","background-image":"","background-repeat":"repeat","background-position":"center center","background-size":"auto","background-attachment":"scroll","background-type":"","background-media":"","overlay-type":"","overlay-color":"","overlay-opacity":"","overlay-gradient":""},"tablet":{"background-color":"var(--ast-global-color-4)","background-image":"","background-repeat":"repeat","background-position":"center center","background-size":"auto","background-attachment":"scroll","background-type":"","background-media":"","overlay-type":"","overlay-color":"","overlay-opacity":"","overlay-gradient":""},"mobile":{"background-color":"var(--ast-global-color-4)","background-image":"","background-repeat":"repeat","background-position":"center center","background-size":"auto","background-attachment":"scroll","background-type":"","background-media":"","overlay-type":"","overlay-color":"","overlay-opacity":"","overlay-gradient":""}},"_joinchat":[],"footnotes":""},"class_list":["post-83","page","type-page","status-publish","hentry"],"_links":{"self":[{"href":"https:\/\/reynolds-technologies.com\/index.php\/wp-json\/wp\/v2\/pages\/83","targetHints":{"allow":["GET"]}}],"collection":[{"href":"https:\/\/reynolds-technologies.com\/index.php\/wp-json\/wp\/v2\/pages"}],"about":[{"href":"https:\/\/reynolds-technologies.com\/index.php\/wp-json\/wp\/v2\/types\/page"}],"author":[{"embeddable":true,"href":"https:\/\/reynolds-technologies.com\/index.php\/wp-json\/wp\/v2\/users\/1"}],"replies":[{"embeddable":true,"href":"https:\/\/reynolds-technologies.com\/index.php\/wp-json\/wp\/v2\/comments?post=83"}],"version-history":[{"count":17,"href":"https:\/\/reynolds-technologies.com\/index.php\/wp-json\/wp\/v2\/pages\/83\/revisions"}],"predecessor-version":[{"id":368,"href":"https:\/\/reynolds-technologies.com\/index.php\/wp-json\/wp\/v2\/pages\/83\/revisions\/368"}],"wp:attachment":[{"href":"https:\/\/reynolds-technologies.com\/index.php\/wp-json\/wp\/v2\/media?parent=83"}],"curies":[{"name":"wp","href":"https:\/\/api.w.org\/{rel}","templated":true}]}}