{"id":406,"date":"2025-10-20T20:44:55","date_gmt":"2025-10-20T20:44:55","guid":{"rendered":"https:\/\/reynolds-technologies.com\/?page_id=406"},"modified":"2025-10-20T20:49:14","modified_gmt":"2025-10-20T20:49:14","slug":"aviso-de-privacidad","status":"publish","type":"page","link":"https:\/\/reynolds-technologies.com\/index.php\/aviso-de-privacidad\/","title":{"rendered":"Aviso de privacidad"},"content":{"rendered":"\t\t<div data-elementor-type=\"wp-page\" data-elementor-id=\"406\" class=\"elementor elementor-406\">\n\t\t\t\t<div class=\"elementor-element elementor-element-2319c3b e-flex e-con-boxed e-con e-parent\" data-id=\"2319c3b\" data-element_type=\"container\" data-e-type=\"container\">\n\t\t\t\t\t<div class=\"e-con-inner\">\n\t\t\t\t<div class=\"elementor-element elementor-element-3755497 elementor-widget elementor-widget-text-editor\" data-id=\"3755497\" data-element_type=\"widget\" data-e-type=\"widget\" data-widget_type=\"text-editor.default\">\n\t\t\t\t\t\t\t\t\t<p>Este aviso tiene por objeto dar a conocer que \u201cReynolds Technologies S.A. de C.V.\u201d al recolectar y <br \/>tratar datos personales, protege; trata de manera leg\u00edtima, controlada e informada; y, garantiza la <br \/>privacidad y el derecho a la autodeterminaci\u00f3n informativa de las personas f\u00edsicas o morales que <br \/>tienen o tendr\u00e1n alguna relaci\u00f3n comercial o de cualquier tipo con ella. Los datos personales y <br \/>aquellos que en su caso sean considerados en la LFPDPPP como datos personales sensibles y cuya <br \/>recolecci\u00f3n y tratamiento se hagan necesarios por los v\u00ednculos jur\u00eddicos existentes o que lleguen a <br \/>existir entre usted o su representada y \u201cReynolds Technologies S.A. de C.V\u201d, siempre ser\u00e1n tratados <br \/>por \u00e9sta bajo una expectativa razonable de privacidad, entendida como la confianza que deposita <br \/>cualquier persona en otra, respecto de que los datos personales proporcionados entre ellos ser\u00e1n <br \/>tratados conforme a lo que se haya acordado entre Usted o su representada y \u201cReynolds <br \/>Technologies S.A. de C.V\u201d, o se haga indispensable en t\u00e9rminos de los actos jur\u00eddicos que se hayan <br \/>celebrado y la ley. <br \/>1. Identidad y domicilio del responsable que recaba los datos: Denominaci\u00f3n: Reynolds <br \/>Technologies S.A. de C.V Domicilio: C. Cruz Valle Verde 16, Santa Cruz del Monte, 53110 Naucalpan <br \/>de Ju\u00e1rez, M\u00e9x. <br \/>2. Finalidad del tratamiento de los datos personales que de usted recabamos: Sus datos ser\u00e1n <br \/>utilizados para fines, encuestas de calidad y satisfacci\u00f3n del cliente, an\u00e1lisis de usos de productos, <br \/>servicios, env\u00edo de avisos acerca de los productos y servicios brindados por \u201cReynolds Technologies <br \/>S.A. de C.V\u201d, para solicitar actualizaci\u00f3n de sus datos y documentos de identificaci\u00f3n requeridos <br \/>para la facturaci\u00f3n de los servicios y\/o productos que brinda \u201cReynolds Technologies S.A. de C.V\u201d. <br \/>Usted o su empresa como cliente y en reciprocidad con \u201cReynolds Technologies S.A. de C.V\u201d deber\u00e1 <br \/>sujetarse y hacer que sus empleados se sujeten a las reglas establecidas en la LFPDPPP y en el <br \/>RLFPDPPP, en el tratamiento de los datos cuya titularidad sea de \u201cReynolds Technologies S.A. de <br \/>C.V\u201d y cuyo tratamiento sea indispensable por las relaciones comerciales y jur\u00eddicas que nos unen. <br \/>Asimismo, Usted o su representada ser\u00e1n responsables de los datos cuya titularidad corresponda a <br \/>sus empleados y sean entregados por Usted mismo o su representada a \u201cReynolds Technologies S.A. <br \/>de C.V\u201d para ser tratados en los t\u00e9rminos del presente Aviso, por lo que previamente a la entrega <br \/>de dichos datos deber\u00e1 obtener el consentimiento del titular de los mismos para ser tratados y <br \/>transferidos. <br \/>3. Opciones y medios que \u201cReynolds Technologies S.A. de C.V\u201d ofrece a usted o a su representada <br \/>para limitar el uso o divulgaci\u00f3n de sus datos personales. La confidencialidad de sus datos est\u00e1 <br \/>garantizada y los mismos est\u00e1n protegidos por medidas de seguridad administrativas, t\u00e9cnicas y <br \/>f\u00edsicas para evitar su da\u00f1o, p\u00e9rdida, alteraci\u00f3n, destrucci\u00f3n, uso, acceso o divulgaci\u00f3n indebida. <br \/>\u00danicamente las personas autorizadas tendr\u00e1n acceso a sus datos personales, estas personas <br \/>cuentan con la debida capacitaci\u00f3n sobre el manejo de datos y datos sensibles sobre las personas y <br \/>conocen las consecuencias legales que puede ocasionar el ilegal tratamiento de dichos datos. 4. <br \/>Medios para ejercer los derechos de acceso, rectificaci\u00f3n, cancelaci\u00f3n u oposici\u00f3n de sus datos <br \/>personales y revocaci\u00f3n del consentimiento. <br \/>Usted tiene el derecho de: <br \/>&#8211; Acceder a sus datos personales que poseemos y a los detalles del tratamiento de los mismos <br \/>conforme al presente Aviso de Privacidad. &#8211; Rectificarlos en caso de ser inexactos o incompletos. &#8211; Cancelarlos cuando considere que no se requieren para alguna de las finalidades se\u00f1aladas en el <br \/>presente aviso de privacidad, o est\u00e9n siendo utilizados para finalidades no consentidas o haya <br \/>finalizado la relaci\u00f3n contractual o de servicio. &#8211; Oponerse al tratamiento de los mismos para fines espec\u00edficos y, en su caso revocar el <br \/>consentimiento que para tal fin nos haya sido otorgado. Los medios para el ejercicio de los derechos <br \/>mencionados en este apartado, se traducen en el siguiente PROCEDIMIENTO PARA EL EJERCICIO DE <br \/>SUS DERECHOS Y REVOCACI\u00d3N DE SUS DATOS PERSONALES. Presentar su solicitud respectiva en el <br \/>domicilio se\u00f1alado por \u201cReynolds Technologies S.A. de C.V\u201d en el apartado 1 del presente aviso en <br \/>atenci\u00f3n a \u201cReynolds Technologies S.A. de C.V\u201d o bien a trav\u00e9s del siguiente correo electr\u00f3nico: <br \/>asistente.direccion@reynolds-technologies.com. <br \/>Su solicitud deber\u00e1 contener: Nombre, domicilio y medio para recibir comunicaciones, identificaci\u00f3n <br \/>o documento que acredite la personalidad del representante legal trat\u00e1ndose de personas morales, <br \/>o en aquellos casos en que se requiera alguna representaci\u00f3n, la explicaci\u00f3n clara y precisa de los <br \/>datos personales a los cuales requiere tener acceso, rectificar, cancelar, oponerse o revocar. Para el <br \/>caso de la rectificaci\u00f3n deber\u00e1 precisar las modificaciones a realizarse y aportar un documento que <br \/>justifique la rectificaci\u00f3n. Para el caso de cancelaci\u00f3n deber\u00e1 especificar los datos que deber\u00e1n ser <br \/>cancelados. <br \/>Para el caso de la oposici\u00f3n deber\u00e1 especificar las razones por las cuales se opone al tratamiento de <br \/>sus datos. Los plazos para atender su solicitud son: Una vez presentada su solicitud contamos con <br \/>un plazo m\u00e1ximo de 20 d\u00edas h\u00e1biles para responder y 15 d\u00edas h\u00e1biles para hacer efectivo el ejercicio <br \/>del derecho que solicite, en caso de que resulten procedentes. Los plazos podr\u00e1n ser ampliados por <br \/>un periodo igual cuando existan hechos que lo justifiquen. <br \/>Para mayor informaci\u00f3n favor de comunicarse al tel\u00e9fono 56 3377 3377 de \u201cReynolds Technologies <br \/>S.A. de C.V\u201d o mediante correo electr\u00f3nico: asistente.direccion@reynolds-technologies.com 5. <br \/>Transferencia de sus datos personales. Le informamos que sus datos personales pueden ser tratados <br \/>directa o indirectamente por \u201cReynolds Technologies S.A. de C.V\u201d al entregar o permitir que \u00e9sta <br \/>recabe sus datos, as\u00ed como transferir los mismos a terceros para los siguientes efectos: <br \/>Cumplimiento de disposiciones legales vigentes. <br \/>Cumplimiento de Mandatos u \u00d3rdenes Judiciales. Informaci\u00f3n solicitada por el Departamento <br \/>Contable de \u201cReynolds Technologies S.A. de C.V\u201d o de sus Auditores Fiscales. 6. Procedimiento y <br \/>medio por el cual \u201cReynolds Technologies S.A. de C.V\u201d comunica los t\u00e9rminos del presente aviso de <br \/>privacidad y comunicar\u00e1 los probables cambios al mismo. Para el conocimiento de los t\u00e9rminos del <br \/>presente aviso de privacidad y los probables cambios que llegue a sufrir, \u201cReynolds Technologies <br \/>S.A. de C.V\u201d pone a su disposici\u00f3n los mismos a trav\u00e9s de los siguientes medios de difusi\u00f3n: <br \/>a) Siempre tendr\u00e1 a su disposici\u00f3n el presente Aviso las instalaciones de \u201cReynolds Technologies <br \/>S.A. de C.V\u201d cuyo domicilio ya ha sido precisado; y\/o, <br \/>b) Mediante los avisos publicados en la siguiente p\u00e1gina web: www.reynolds-technologies.com <br \/>c) A trav\u00e9s de correo electr\u00f3nico dirigido a la direcci\u00f3n electr\u00f3nica de la persona que normalmente <br \/>mantenga comunicaci\u00f3n con \u201cReynolds Technologies S.A. de C.V\u201d; y\/o, d) Siempre podr\u00e1 solicitarlo <br \/>por correo electr\u00f3nico a: asistente.direccion@reynolds-technologies.com<\/p>\t\t\t\t\t\t\t\t<\/div>\n\t\t\t\t\t<\/div>\n\t\t\t\t<\/div>\n\t\t<div class=\"elementor-element elementor-element-8e7e852 e-flex e-con-boxed e-con e-parent\" data-id=\"8e7e852\" data-element_type=\"container\" data-e-type=\"container\">\n\t\t\t\t\t<div class=\"e-con-inner\">\n\t\t\t\t<div class=\"elementor-element elementor-element-1476b24 elementor-align-center elementor-widget elementor-widget-button\" data-id=\"1476b24\" data-element_type=\"widget\" data-e-type=\"widget\" data-widget_type=\"button.default\">\n\t\t\t\t\t\t\t\t\t\t<a class=\"elementor-button elementor-button-link elementor-size-sm\" href=\"#\">\n\t\t\t\t\t\t<span class=\"elementor-button-content-wrapper\">\n\t\t\t\t\t\t\t\t\t<span class=\"elementor-button-text\">Descargar aviso de privacidad<\/span>\n\t\t\t\t\t<\/span>\n\t\t\t\t\t<\/a>\n\t\t\t\t\t\t\t\t<\/div>\n\t\t\t\t\t<\/div>\n\t\t\t\t<\/div>\n\t\t\t\t<\/div>\n\t\t","protected":false},"excerpt":{"rendered":"<p>Este aviso tiene por objeto dar a conocer que \u201cReynolds Technologies S.A. de C.V.\u201d al recolectar y tratar datos personales, [&hellip;]<\/p>\n","protected":false},"author":1,"featured_media":0,"parent":0,"menu_order":0,"comment_status":"closed","ping_status":"closed","template":"","meta":{"site-sidebar-layout":"no-sidebar","site-content-layout":"","ast-site-content-layout":"full-width-container","site-content-style":"default","site-sidebar-style":"default","ast-global-header-display":"","ast-banner-title-visibility":"","ast-main-header-display":"","ast-hfb-above-header-display":"","ast-hfb-below-header-display":"","ast-hfb-mobile-header-display":"","site-post-title":"disabled","ast-breadcrumbs-content":"","ast-featured-img":"disabled","footer-sml-layout":"","theme-transparent-header-meta":"disabled","adv-header-id-meta":"","stick-header-meta":"","header-above-stick-meta":"","header-main-stick-meta":"","header-below-stick-meta":"","astra-migrate-meta-layouts":"default","ast-page-background-enabled":"default","ast-page-background-meta":{"desktop":{"background-color":"var(--ast-global-color-5)","background-image":"","background-repeat":"repeat","background-position":"center center","background-size":"auto","background-attachment":"scroll","background-type":"","background-media":"","overlay-type":"","overlay-color":"","overlay-opacity":"","overlay-gradient":""},"tablet":{"background-color":"","background-image":"","background-repeat":"repeat","background-position":"center center","background-size":"auto","background-attachment":"scroll","background-type":"","background-media":"","overlay-type":"","overlay-color":"","overlay-opacity":"","overlay-gradient":""},"mobile":{"background-color":"","background-image":"","background-repeat":"repeat","background-position":"center center","background-size":"auto","background-attachment":"scroll","background-type":"","background-media":"","overlay-type":"","overlay-color":"","overlay-opacity":"","overlay-gradient":""}},"ast-content-background-meta":{"desktop":{"background-color":"var(--ast-global-color-4)","background-image":"","background-repeat":"repeat","background-position":"center center","background-size":"auto","background-attachment":"scroll","background-type":"","background-media":"","overlay-type":"","overlay-color":"","overlay-opacity":"","overlay-gradient":""},"tablet":{"background-color":"var(--ast-global-color-4)","background-image":"","background-repeat":"repeat","background-position":"center center","background-size":"auto","background-attachment":"scroll","background-type":"","background-media":"","overlay-type":"","overlay-color":"","overlay-opacity":"","overlay-gradient":""},"mobile":{"background-color":"var(--ast-global-color-4)","background-image":"","background-repeat":"repeat","background-position":"center center","background-size":"auto","background-attachment":"scroll","background-type":"","background-media":"","overlay-type":"","overlay-color":"","overlay-opacity":"","overlay-gradient":""}},"_joinchat":[],"footnotes":""},"class_list":["post-406","page","type-page","status-publish","hentry"],"_links":{"self":[{"href":"https:\/\/reynolds-technologies.com\/index.php\/wp-json\/wp\/v2\/pages\/406","targetHints":{"allow":["GET"]}}],"collection":[{"href":"https:\/\/reynolds-technologies.com\/index.php\/wp-json\/wp\/v2\/pages"}],"about":[{"href":"https:\/\/reynolds-technologies.com\/index.php\/wp-json\/wp\/v2\/types\/page"}],"author":[{"embeddable":true,"href":"https:\/\/reynolds-technologies.com\/index.php\/wp-json\/wp\/v2\/users\/1"}],"replies":[{"embeddable":true,"href":"https:\/\/reynolds-technologies.com\/index.php\/wp-json\/wp\/v2\/comments?post=406"}],"version-history":[{"count":8,"href":"https:\/\/reynolds-technologies.com\/index.php\/wp-json\/wp\/v2\/pages\/406\/revisions"}],"predecessor-version":[{"id":416,"href":"https:\/\/reynolds-technologies.com\/index.php\/wp-json\/wp\/v2\/pages\/406\/revisions\/416"}],"wp:attachment":[{"href":"https:\/\/reynolds-technologies.com\/index.php\/wp-json\/wp\/v2\/media?parent=406"}],"curies":[{"name":"wp","href":"https:\/\/api.w.org\/{rel}","templated":true}]}}